{"id":5013,"date":"2024-12-04T14:04:45","date_gmt":"2024-12-04T14:04:45","guid":{"rendered":"https:\/\/caleelilou.com\/?page_id=5013"},"modified":"2026-01-05T08:23:12","modified_gmt":"2026-01-05T08:23:12","slug":"mistwhisper","status":"publish","type":"page","link":"https:\/\/caleelilou.com\/vi\/mistwhisper\/","title":{"rendered":"Mistwhisper"},"content":{"rendered":"<div data-elementor-type=\"wp-page\" data-elementor-id=\"5013\" class=\"elementor elementor-5013\" data-elementor-post-type=\"page\">\n\t\t\t\t<div class=\"elementor-element elementor-element-988392d e-con-full e-flex wpr-particle-no wpr-jarallax-no wpr-parallax-no wpr-sticky-section-no wpr-column-slider-no wpr-equal-height-no e-con e-parent\" data-id=\"988392d\" data-element_type=\"container\" data-e-type=\"container\" data-settings=\"{&quot;background_background&quot;:&quot;classic&quot;}\">\n\t\t\t\t<\/div>\n\t\t<div class=\"elementor-element elementor-element-fdbbeda e-con-full e-flex wpr-particle-no wpr-jarallax-no wpr-parallax-no wpr-sticky-section-no wpr-column-slider-no wpr-equal-height-no e-con e-parent\" data-id=\"fdbbeda\" data-element_type=\"container\" data-e-type=\"container\">\n\t\t<div class=\"elementor-element elementor-element-679ffba e-con-full e-flex wpr-particle-no wpr-jarallax-no wpr-parallax-no wpr-sticky-section-no wpr-column-slider-no wpr-equal-height-no e-con e-child\" data-id=\"679ffba\" data-element_type=\"container\" data-e-type=\"container\">\n\t\t\t\t<div class=\"elementor-element elementor-element-ee33e6e elementor-widget elementor-widget-shortcode\" data-id=\"ee33e6e\" data-element_type=\"widget\" data-e-type=\"widget\" data-widget_type=\"shortcode.default\">\n\t\t\t\t<div class=\"elementor-widget-container\">\n\t\t\t\t\t\t\t<div class=\"elementor-shortcode\"><div class=\"woocommerce columns-4\">        <div class=\"qa-fanci-toolbar qaft-v121\" role=\"region\" aria-label=\"Product toolbar\">\n            <div class=\"qaft-side qaft-left\">\n                <details class=\"qaft-details\">\n                  <summary class=\"qaft-btn\" data-no-translation=\"\" data-trp-gettext=\"\">S\u1eafp x\u1ebfp theo<\/summary>\n                  <form class=\"qaft-radio-list\" method=\"get\" action=\"\" data-trp-original-action=\"\">\n                                          <label for=\"qaft-order-menu_order\" class=\"qaft-radio\">\n                        <input type=\"radio\" id=\"qaft-order-menu_order\" name=\"orderby\" value=\"menu_order\" checked>\n                        <span class=\"qaft-radio-text\" data-no-translation=\"\" data-trp-gettext=\"\">M\u1eb7c \u0111\u1ecbnh<\/span>\n                      <\/label>\n                                          <label for=\"qaft-order-popularity\" class=\"qaft-radio\">\n                        <input type=\"radio\" id=\"qaft-order-popularity\" name=\"orderby\" value=\"popularity\" >\n                        <span class=\"qaft-radio-text\" data-no-translation=\"\" data-trp-gettext=\"\">Ph\u1ed5 bi\u1ebfn<\/span>\n                      <\/label>\n                                          <label for=\"qaft-order-rating\" class=\"qaft-radio\">\n                        <input type=\"radio\" id=\"qaft-order-rating\" name=\"orderby\" value=\"rating\" >\n                        <span class=\"qaft-radio-text\" data-no-translation=\"\" data-trp-gettext=\"\">\u0110\u00e1nh gi\u00e1 trung b\u00ecnh<\/span>\n                      <\/label>\n                                          <label for=\"qaft-order-date\" class=\"qaft-radio\">\n                        <input type=\"radio\" id=\"qaft-order-date\" name=\"orderby\" value=\"date\" >\n                        <span class=\"qaft-radio-text\" data-no-translation=\"\" data-trp-gettext=\"\">M\u1edbi nh\u1ea5t<\/span>\n                      <\/label>\n                                          <label for=\"qaft-order-price\" class=\"qaft-radio\">\n                        <input type=\"radio\" id=\"qaft-order-price\" name=\"orderby\" value=\"price\" >\n                        <span class=\"qaft-radio-text\" data-no-translation=\"\" data-trp-gettext=\"\">Price: Low to High<\/span>\n                      <\/label>\n                                          <label for=\"qaft-order-price-desc\" class=\"qaft-radio\">\n                        <input type=\"radio\" id=\"qaft-order-price-desc\" name=\"orderby\" value=\"price-desc\" >\n                        <span class=\"qaft-radio-text\" data-no-translation=\"\" data-trp-gettext=\"\">Price: High to Low<\/span>\n                      <\/label>\n                                                            <button type=\"submit\" class=\"qaft-apply\" data-no-translation=\"\" data-trp-gettext=\"\">\u00c1p d\u1ee5ng<\/button>\n                  <input type=\"hidden\" name=\"trp-form-language\" value=\"vi\"\/><\/form>\n                <\/details>\n            <\/div>\n\n            <div class=\"qaft-center\">\n                                    <div class=\"qaft-title\">Mistwhisper<\/div>\n                                <div class=\"qaft-count\">4 products<\/div>\n            <\/div>\n\n            <div class=\"qaft-side qaft-right\">\n                <a href=\"#\" class=\"qaft-btn qaft-filter-toggle\" data-no-translation=\"\" data-trp-gettext=\"\">L\u1ecdc<\/a>\n            <\/div>\n        <\/div>\n        <div class=\"woocommerce-notices-wrapper\"><\/div><ul class=\"products columns-4\">\n<li class=\"product type-product post-5003 status-publish first outofstock product_cat-mistwhisper product_cat-new-arrivals product_cat-set has-post-thumbnail featured shipping-taxable purchasable product-type-variable\">\n\t<a href=\"https:\/\/caleelilou.com\/vi\/san-pham\/mirabelle-tweed-set\/\" class=\"woocommerce-LoopProduct-link woocommerce-loop-product__link\"><img fetchpriority=\"high\" decoding=\"async\" width=\"1200\" height=\"1500\" src=\"https:\/\/caleelilou.com\/wp-content\/uploads\/2024\/12\/Mirabelle-Tweed-Set-1580k5-1200x1500.jpg\" class=\"attachment-woocommerce_thumbnail size-woocommerce_thumbnail\" alt=\"Mirabelle Tweed Set\" srcset=\"https:\/\/caleelilou.com\/wp-content\/uploads\/2024\/12\/Mirabelle-Tweed-Set-1580k5-1200x1500.jpg 1200w, https:\/\/caleelilou.com\/wp-content\/uploads\/2024\/12\/Mirabelle-Tweed-Set-1580k5-64x80.jpg 64w, https:\/\/caleelilou.com\/wp-content\/uploads\/2024\/12\/Mirabelle-Tweed-Set-1580k5-240x300.jpg 240w, https:\/\/caleelilou.com\/wp-content\/uploads\/2024\/12\/Mirabelle-Tweed-Set-1580k5-819x1024.jpg 819w, https:\/\/caleelilou.com\/wp-content\/uploads\/2024\/12\/Mirabelle-Tweed-Set-1580k5-768x960.jpg 768w, https:\/\/caleelilou.com\/wp-content\/uploads\/2024\/12\/Mirabelle-Tweed-Set-1580k5-1229x1536.jpg 1229w, https:\/\/caleelilou.com\/wp-content\/uploads\/2024\/12\/Mirabelle-Tweed-Set-1580k5.jpg 1535w\" sizes=\"(max-width: 1200px) 100vw, 1200px\" \/><h2 class=\"woocommerce-loop-product__title\">Mirabelle Tweed Set<\/h2>\n\t<span class=\"price\"><span class=\"wcpbc-price wcpbc-price-5003\" data-product-id=\"5003\"><span class=\"woocommerce-Price-amount amount\"><bdi>1.580.000&nbsp;<span class=\"woocommerce-Price-currencySymbol\">&#8363;<\/span><\/bdi><\/span><\/span><\/span>\n<\/a><a href=\"https:\/\/caleelilou.com\/vi\/san-pham\/mirabelle-tweed-set\/\" aria-describedby=\"woocommerce_loop_add_to_cart_link_describedby_5003\" data-quantity=\"1\" class=\"button product_type_variable cfvsw_ajax_add_to_cart\" data-product_id=\"5003\" data-product_sku=\"\" aria-label=\"L\u1ef1a ch\u1ecdn cho \u201cMirabelle Tweed Set\u201d\" rel=\"nofollow\" data-add_to_cart_text=\"Add to Cart\" data-select_options_text=\"L\u1ef1a ch\u1ecdn t\u00f9y ch\u1ecdn\" data-no-translation=\"\" data-trp-gettext=\"\" data-no-translation-aria-label=\"\" data-no-translation-data-select_options_text=\"\">L\u1ef1a ch\u1ecdn t\u00f9y ch\u1ecdn<\/a>\t<span id=\"woocommerce_loop_add_to_cart_link_describedby_5003\" class=\"screen-reader-text\">\n\t\tS\u1ea3n ph\u1ea9m n\u00e0y c\u00f3 nhi\u1ec1u bi\u1ebfn th\u1ec3. C\u00e1c t\u00f9y ch\u1ecdn c\u00f3 th\u1ec3 \u0111\u01b0\u1ee3c ch\u1ecdn tr\u00ean trang s\u1ea3n ph\u1ea9m\t<\/span>\n<\/li>\n<li class=\"product type-product post-4992 status-publish instock product_cat-mistwhisper product_cat-new-arrivals product_cat-sale product_cat-set has-post-thumbnail sale featured shipping-taxable purchasable product-type-variable\">\n\t<a href=\"https:\/\/caleelilou.com\/vi\/san-pham\/michella-lace-set\/\" class=\"woocommerce-LoopProduct-link woocommerce-loop-product__link\">\n\t<span class=\"onsale\" data-no-translation=\"\" data-trp-gettext=\"\">Gi\u1ea3m gi\u00e1!<\/span>\n\t<img decoding=\"async\" width=\"1200\" height=\"1500\" src=\"https:\/\/caleelilou.com\/wp-content\/uploads\/2024\/12\/Michella-Lace-Set-1780k3-1200x1500.jpg\" class=\"attachment-woocommerce_thumbnail size-woocommerce_thumbnail\" alt=\"Michella Lace Set\" srcset=\"https:\/\/caleelilou.com\/wp-content\/uploads\/2024\/12\/Michella-Lace-Set-1780k3-1200x1500.jpg 1200w, https:\/\/caleelilou.com\/wp-content\/uploads\/2024\/12\/Michella-Lace-Set-1780k3-64x80.jpg 64w, https:\/\/caleelilou.com\/wp-content\/uploads\/2024\/12\/Michella-Lace-Set-1780k3-240x300.jpg 240w, https:\/\/caleelilou.com\/wp-content\/uploads\/2024\/12\/Michella-Lace-Set-1780k3-819x1024.jpg 819w, https:\/\/caleelilou.com\/wp-content\/uploads\/2024\/12\/Michella-Lace-Set-1780k3-768x960.jpg 768w, https:\/\/caleelilou.com\/wp-content\/uploads\/2024\/12\/Michella-Lace-Set-1780k3-1229x1536.jpg 1229w, https:\/\/caleelilou.com\/wp-content\/uploads\/2024\/12\/Michella-Lace-Set-1780k3.jpg 1600w\" sizes=\"(max-width: 1200px) 100vw, 1200px\" \/><h2 class=\"woocommerce-loop-product__title\">Michella Lace Set<\/h2>\n\t<span class=\"price\"><span class=\"wcpbc-price wcpbc-price-4992\" data-product-id=\"4992\"><del aria-hidden=\"true\"><span class=\"woocommerce-Price-amount amount\"><bdi>1.780.000&nbsp;<span class=\"woocommerce-Price-currencySymbol\">&#8363;<\/span><\/bdi><\/span><\/del> <span class=\"screen-reader-text\" data-no-translation=\"\" data-trp-gettext=\"\">Gi\u00e1 g\u1ed1c l\u00e0: 1.780.000&nbsp;&#8363;.<\/span><ins aria-hidden=\"true\"><span class=\"woocommerce-Price-amount amount\"><bdi>890.000&nbsp;<span class=\"woocommerce-Price-currencySymbol\">&#8363;<\/span><\/bdi><\/span><\/ins><span class=\"screen-reader-text\" data-no-translation=\"\" data-trp-gettext=\"\">Gi\u00e1 hi\u1ec7n t\u1ea1i l\u00e0: 890.000&nbsp;&#8363;.<\/span><\/span><\/span>\n<\/a><a href=\"https:\/\/caleelilou.com\/vi\/san-pham\/michella-lace-set\/\" aria-describedby=\"woocommerce_loop_add_to_cart_link_describedby_4992\" data-quantity=\"1\" class=\"button product_type_variable add_to_cart_button cfvsw_ajax_add_to_cart\" data-product_id=\"4992\" data-product_sku=\"\" aria-label=\"L\u1ef1a ch\u1ecdn cho \u201cMichella Lace Set\u201d\" rel=\"nofollow\" data-add_to_cart_text=\"Add to Cart\" data-select_options_text=\"L\u1ef1a ch\u1ecdn t\u00f9y ch\u1ecdn\" data-no-translation=\"\" data-trp-gettext=\"\" data-no-translation-aria-label=\"\" data-no-translation-data-select_options_text=\"\">L\u1ef1a ch\u1ecdn t\u00f9y ch\u1ecdn<\/a>\t<span id=\"woocommerce_loop_add_to_cart_link_describedby_4992\" class=\"screen-reader-text\">\n\t\tS\u1ea3n ph\u1ea9m n\u00e0y c\u00f3 nhi\u1ec1u bi\u1ebfn th\u1ec3. C\u00e1c t\u00f9y ch\u1ecdn c\u00f3 th\u1ec3 \u0111\u01b0\u1ee3c ch\u1ecdn tr\u00ean trang s\u1ea3n ph\u1ea9m\t<\/span>\n<\/li>\n<li class=\"product type-product post-4981 status-publish instock product_cat-mistwhisper product_cat-new-arrivals product_cat-sale product_cat-set has-post-thumbnail sale featured shipping-taxable purchasable product-type-variable\">\n\t<a href=\"https:\/\/caleelilou.com\/vi\/san-pham\/karine-tweed-set\/\" class=\"woocommerce-LoopProduct-link woocommerce-loop-product__link\">\n\t<span class=\"onsale\" data-no-translation=\"\" data-trp-gettext=\"\">Gi\u1ea3m gi\u00e1!<\/span>\n\t<img decoding=\"async\" width=\"1200\" height=\"1500\" src=\"https:\/\/caleelilou.com\/wp-content\/uploads\/2024\/12\/Karine-Tweed-Set-1390k2-1200x1500.jpg\" class=\"attachment-woocommerce_thumbnail size-woocommerce_thumbnail\" alt=\"Karine Tweed Set\" srcset=\"https:\/\/caleelilou.com\/wp-content\/uploads\/2024\/12\/Karine-Tweed-Set-1390k2-1200x1500.jpg 1200w, https:\/\/caleelilou.com\/wp-content\/uploads\/2024\/12\/Karine-Tweed-Set-1390k2-64x80.jpg 64w, https:\/\/caleelilou.com\/wp-content\/uploads\/2024\/12\/Karine-Tweed-Set-1390k2-240x300.jpg 240w, https:\/\/caleelilou.com\/wp-content\/uploads\/2024\/12\/Karine-Tweed-Set-1390k2-819x1024.jpg 819w, https:\/\/caleelilou.com\/wp-content\/uploads\/2024\/12\/Karine-Tweed-Set-1390k2-768x960.jpg 768w, https:\/\/caleelilou.com\/wp-content\/uploads\/2024\/12\/Karine-Tweed-Set-1390k2-1229x1536.jpg 1229w, https:\/\/caleelilou.com\/wp-content\/uploads\/2024\/12\/Karine-Tweed-Set-1390k2.jpg 1600w\" sizes=\"(max-width: 1200px) 100vw, 1200px\" \/><h2 class=\"woocommerce-loop-product__title\">Karine Tweed Set<\/h2>\n\t<span class=\"price\"><span class=\"wcpbc-price wcpbc-price-4981\" data-product-id=\"4981\"><del aria-hidden=\"true\"><span class=\"woocommerce-Price-amount amount\"><bdi>1.390.000&nbsp;<span class=\"woocommerce-Price-currencySymbol\">&#8363;<\/span><\/bdi><\/span><\/del> <span class=\"screen-reader-text\" data-no-translation=\"\" data-trp-gettext=\"\">Gi\u00e1 g\u1ed1c l\u00e0: 1.390.000&nbsp;&#8363;.<\/span><ins aria-hidden=\"true\"><span class=\"woocommerce-Price-amount amount\"><bdi>695.000&nbsp;<span class=\"woocommerce-Price-currencySymbol\">&#8363;<\/span><\/bdi><\/span><\/ins><span class=\"screen-reader-text\" data-no-translation=\"\" data-trp-gettext=\"\">Gi\u00e1 hi\u1ec7n t\u1ea1i l\u00e0: 695.000&nbsp;&#8363;.<\/span><\/span><\/span>\n<\/a><a href=\"https:\/\/caleelilou.com\/vi\/san-pham\/karine-tweed-set\/\" aria-describedby=\"woocommerce_loop_add_to_cart_link_describedby_4981\" data-quantity=\"1\" class=\"button product_type_variable add_to_cart_button cfvsw_ajax_add_to_cart\" data-product_id=\"4981\" data-product_sku=\"\" aria-label=\"L\u1ef1a ch\u1ecdn cho \u201cKarine Tweed Set\u201d\" rel=\"nofollow\" data-add_to_cart_text=\"Add to Cart\" data-select_options_text=\"L\u1ef1a ch\u1ecdn t\u00f9y ch\u1ecdn\" data-no-translation=\"\" data-trp-gettext=\"\" data-no-translation-aria-label=\"\" data-no-translation-data-select_options_text=\"\">L\u1ef1a ch\u1ecdn t\u00f9y ch\u1ecdn<\/a>\t<span id=\"woocommerce_loop_add_to_cart_link_describedby_4981\" class=\"screen-reader-text\">\n\t\tS\u1ea3n ph\u1ea9m n\u00e0y c\u00f3 nhi\u1ec1u bi\u1ebfn th\u1ec3. C\u00e1c t\u00f9y ch\u1ecdn c\u00f3 th\u1ec3 \u0111\u01b0\u1ee3c ch\u1ecdn tr\u00ean trang s\u1ea3n ph\u1ea9m\t<\/span>\n<\/li>\n<li class=\"product type-product post-4971 status-publish last instock product_cat-mistwhisper product_cat-new-arrivals product_cat-sale product_cat-set has-post-thumbnail sale featured shipping-taxable purchasable product-type-variable\">\n\t<a href=\"https:\/\/caleelilou.com\/vi\/san-pham\/elania-tweed-set\/\" class=\"woocommerce-LoopProduct-link woocommerce-loop-product__link\">\n\t<span class=\"onsale\" data-no-translation=\"\" data-trp-gettext=\"\">Gi\u1ea3m gi\u00e1!<\/span>\n\t<img loading=\"lazy\" decoding=\"async\" width=\"1200\" height=\"1500\" src=\"https:\/\/caleelilou.com\/wp-content\/uploads\/2024\/12\/Elania-Tweed-Set-1780k4-1200x1500.jpg\" class=\"attachment-woocommerce_thumbnail size-woocommerce_thumbnail\" alt=\"Elania Tweed Set\" srcset=\"https:\/\/caleelilou.com\/wp-content\/uploads\/2024\/12\/Elania-Tweed-Set-1780k4-1200x1500.jpg 1200w, https:\/\/caleelilou.com\/wp-content\/uploads\/2024\/12\/Elania-Tweed-Set-1780k4-64x80.jpg 64w, https:\/\/caleelilou.com\/wp-content\/uploads\/2024\/12\/Elania-Tweed-Set-1780k4-240x300.jpg 240w, https:\/\/caleelilou.com\/wp-content\/uploads\/2024\/12\/Elania-Tweed-Set-1780k4-819x1024.jpg 819w, https:\/\/caleelilou.com\/wp-content\/uploads\/2024\/12\/Elania-Tweed-Set-1780k4-768x960.jpg 768w, https:\/\/caleelilou.com\/wp-content\/uploads\/2024\/12\/Elania-Tweed-Set-1780k4-1229x1536.jpg 1229w, https:\/\/caleelilou.com\/wp-content\/uploads\/2024\/12\/Elania-Tweed-Set-1780k4.jpg 1600w\" sizes=\"(max-width: 1200px) 100vw, 1200px\" \/><h2 class=\"woocommerce-loop-product__title\">Elania Tweed Set<\/h2>\n\t<span class=\"price\"><span class=\"wcpbc-price wcpbc-price-4971\" data-product-id=\"4971\"><del aria-hidden=\"true\"><span class=\"woocommerce-Price-amount amount\"><bdi>1.780.000&nbsp;<span class=\"woocommerce-Price-currencySymbol\">&#8363;<\/span><\/bdi><\/span><\/del> <span class=\"screen-reader-text\" data-no-translation=\"\" data-trp-gettext=\"\">Gi\u00e1 g\u1ed1c l\u00e0: 1.780.000&nbsp;&#8363;.<\/span><ins aria-hidden=\"true\"><span class=\"woocommerce-Price-amount amount\"><bdi>890.000&nbsp;<span class=\"woocommerce-Price-currencySymbol\">&#8363;<\/span><\/bdi><\/span><\/ins><span class=\"screen-reader-text\" data-no-translation=\"\" data-trp-gettext=\"\">Gi\u00e1 hi\u1ec7n t\u1ea1i l\u00e0: 890.000&nbsp;&#8363;.<\/span><\/span><\/span>\n<\/a><a href=\"https:\/\/caleelilou.com\/vi\/san-pham\/elania-tweed-set\/\" aria-describedby=\"woocommerce_loop_add_to_cart_link_describedby_4971\" data-quantity=\"1\" class=\"button product_type_variable add_to_cart_button cfvsw_ajax_add_to_cart\" data-product_id=\"4971\" data-product_sku=\"\" aria-label=\"L\u1ef1a ch\u1ecdn cho \u201cElania Tweed Set\u201d\" rel=\"nofollow\" data-add_to_cart_text=\"Add to Cart\" data-select_options_text=\"L\u1ef1a ch\u1ecdn t\u00f9y ch\u1ecdn\" data-no-translation=\"\" data-trp-gettext=\"\" data-no-translation-aria-label=\"\" data-no-translation-data-select_options_text=\"\">L\u1ef1a ch\u1ecdn t\u00f9y ch\u1ecdn<\/a>\t<span id=\"woocommerce_loop_add_to_cart_link_describedby_4971\" class=\"screen-reader-text\">\n\t\tS\u1ea3n ph\u1ea9m n\u00e0y c\u00f3 nhi\u1ec1u bi\u1ebfn th\u1ec3. C\u00e1c t\u00f9y ch\u1ecdn c\u00f3 th\u1ec3 \u0111\u01b0\u1ee3c ch\u1ecdn tr\u00ean trang s\u1ea3n ph\u1ea9m\t<\/span>\n<\/li>\n<\/ul>\n<\/div><\/div>\n\t\t\t\t\t\t<\/div>\n\t\t\t\t<\/div>\n\t\t\t\t<\/div>\n\t\t\t\t<\/div>\n\t\t\t\t<\/div>","protected":false},"excerpt":{"rendered":"","protected":false},"author":1,"featured_media":0,"parent":0,"menu_order":0,"comment_status":"closed","ping_status":"closed","template":"elementor_canvas","meta":{"footnotes":""},"class_list":["post-5013","page","type-page","status-publish","hentry"],"_links":{"self":[{"href":"https:\/\/caleelilou.com\/vi\/wp-json\/wp\/v2\/pages\/5013","targetHints":{"allow":["GET"]}}],"collection":[{"href":"https:\/\/caleelilou.com\/vi\/wp-json\/wp\/v2\/pages"}],"about":[{"href":"https:\/\/caleelilou.com\/vi\/wp-json\/wp\/v2\/types\/page"}],"author":[{"embeddable":true,"href":"https:\/\/caleelilou.com\/vi\/wp-json\/wp\/v2\/users\/1"}],"replies":[{"embeddable":true,"href":"https:\/\/caleelilou.com\/vi\/wp-json\/wp\/v2\/comments?post=5013"}],"version-history":[{"count":28,"href":"https:\/\/caleelilou.com\/vi\/wp-json\/wp\/v2\/pages\/5013\/revisions"}],"predecessor-version":[{"id":7625,"href":"https:\/\/caleelilou.com\/vi\/wp-json\/wp\/v2\/pages\/5013\/revisions\/7625"}],"wp:attachment":[{"href":"https:\/\/caleelilou.com\/vi\/wp-json\/wp\/v2\/media?parent=5013"}],"curies":[{"name":"wp","href":"https:\/\/api.w.org\/{rel}","templated":true}]}}