{"id":6745,"date":"2025-06-02T06:08:18","date_gmt":"2025-06-02T06:08:18","guid":{"rendered":"https:\/\/caleelilou.com\/?page_id=6745"},"modified":"2025-11-21T18:40:58","modified_gmt":"2025-11-21T18:40:58","slug":"the-sugar-ballet","status":"publish","type":"page","link":"https:\/\/caleelilou.com\/vi\/the-sugar-ballet\/","title":{"rendered":"The Sugar Ballet"},"content":{"rendered":"<div data-elementor-type=\"wp-page\" data-elementor-id=\"6745\" class=\"elementor elementor-6745\" data-elementor-post-type=\"page\">\n\t\t\t\t<div class=\"elementor-element elementor-element-02e14c3 e-con-full e-flex wpr-particle-no wpr-jarallax-no wpr-parallax-no wpr-sticky-section-no wpr-column-slider-no wpr-equal-height-no e-con e-parent\" data-id=\"02e14c3\" data-element_type=\"container\" data-e-type=\"container\" data-settings=\"{&quot;background_background&quot;:&quot;classic&quot;}\">\n\t\t\t\t<\/div>\n\t\t<div class=\"elementor-element elementor-element-b0d0403 e-flex e-con-boxed wpr-particle-no wpr-jarallax-no wpr-parallax-no wpr-sticky-section-no wpr-column-slider-no wpr-equal-height-no e-con e-parent\" data-id=\"b0d0403\" data-element_type=\"container\" data-e-type=\"container\">\n\t\t\t\t\t<div class=\"e-con-inner\">\n\t\t\t\t<div class=\"elementor-element elementor-element-4c7937c elementor-widget elementor-widget-heading\" data-id=\"4c7937c\" data-element_type=\"widget\" data-e-type=\"widget\" data-widget_type=\"heading.default\">\n\t\t\t\t<div class=\"elementor-widget-container\">\n\t\t\t\t\t<h2 class=\"elementor-heading-title elementor-size-default\">The Sugar Ballet<\/h2>\t\t\t\t<\/div>\n\t\t\t\t<\/div>\n\t\t\t\t\t<\/div>\n\t\t\t\t<\/div>\n\t\t<div class=\"elementor-element elementor-element-c466432 e-flex e-con-boxed wpr-particle-no wpr-jarallax-no wpr-parallax-no wpr-sticky-section-no wpr-column-slider-no wpr-equal-height-no e-con e-parent\" data-id=\"c466432\" data-element_type=\"container\" data-e-type=\"container\">\n\t\t\t\t\t<div class=\"e-con-inner\">\n\t\t\t\t<div class=\"elementor-element elementor-element-3215363 elementor-widget elementor-widget-text-editor\" data-id=\"3215363\" data-element_type=\"widget\" data-e-type=\"widget\" data-widget_type=\"text-editor.default\">\n\t\t\t\t<div class=\"elementor-widget-container\">\n\t\t\t\t\t\t\t\t\t<p>The summer collection &#8220;\ud835\udc7b\ud835\udc89\ud835\udc86 \ud835\udc7a\ud835\udc96\ud835\udc88\ud835\udc82\ud835\udc93 \ud835\udc69\ud835\udc82\ud835\udc8d\ud835\udc8d\ud835\udc86\ud835\udc95&#8221; from Caleelilou is a poetic journey of elegance and romance, brought to life through creative design and meticulous craftsmanship. Each dress evokes the softness of blooming flowers and the gentle breeze of summer, crafted from airy silk layers that float with every movement. Thoughtful smocking details accentuate the feminine form, adding grace and charm. With a sweet, harmonious palette of soft pinks and greens, the collection feels like summer candy melting on the tongue. Blending youthful spirit with timeless romance, these designs are perfect for sun-kissed getaways and golden hour strolls\u2014light, dreamy, and effortlessly captivating.<\/p>\t\t\t\t\t\t\t\t<\/div>\n\t\t\t\t<\/div>\n\t\t\t\t\t<\/div>\n\t\t\t\t<\/div>\n\t\t<div class=\"elementor-element elementor-element-54b22f8 e-con-full e-flex wpr-particle-no wpr-jarallax-no wpr-parallax-no wpr-sticky-section-no wpr-column-slider-no wpr-equal-height-no e-con e-parent\" data-id=\"54b22f8\" data-element_type=\"container\" data-e-type=\"container\">\n\t\t<div class=\"elementor-element elementor-element-f82b8b2 e-con-full e-flex wpr-particle-no wpr-jarallax-no wpr-parallax-no wpr-sticky-section-no wpr-column-slider-no wpr-equal-height-no e-con e-child\" data-id=\"f82b8b2\" data-element_type=\"container\" data-e-type=\"container\">\n\t\t\t\t<div class=\"elementor-element elementor-element-34a6833 elementor-widget elementor-widget-shortcode\" data-id=\"34a6833\" data-element_type=\"widget\" data-e-type=\"widget\" data-widget_type=\"shortcode.default\">\n\t\t\t\t<div class=\"elementor-widget-container\">\n\t\t\t\t\t\t\t<div class=\"elementor-shortcode\"><div class=\"woocommerce columns-4\">        <div class=\"qa-fanci-toolbar qaft-v121\" role=\"region\" aria-label=\"Product toolbar\">\n            <div class=\"qaft-side qaft-left\">\n                <details class=\"qaft-details\">\n                  <summary class=\"qaft-btn\" data-no-translation=\"\" data-trp-gettext=\"\">S\u1eafp x\u1ebfp theo<\/summary>\n                  <form class=\"qaft-radio-list\" method=\"get\" action=\"\" data-trp-original-action=\"\">\n                                          <label for=\"qaft-order-menu_order\" class=\"qaft-radio\">\n                        <input type=\"radio\" id=\"qaft-order-menu_order\" name=\"orderby\" value=\"menu_order\" checked>\n                        <span class=\"qaft-radio-text\" data-no-translation=\"\" data-trp-gettext=\"\">M\u1eb7c \u0111\u1ecbnh<\/span>\n                      <\/label>\n                                          <label for=\"qaft-order-popularity\" class=\"qaft-radio\">\n                        <input type=\"radio\" id=\"qaft-order-popularity\" name=\"orderby\" value=\"popularity\" >\n                        <span class=\"qaft-radio-text\" data-no-translation=\"\" data-trp-gettext=\"\">Ph\u1ed5 bi\u1ebfn<\/span>\n                      <\/label>\n                                          <label for=\"qaft-order-rating\" class=\"qaft-radio\">\n                        <input type=\"radio\" id=\"qaft-order-rating\" name=\"orderby\" value=\"rating\" >\n                        <span class=\"qaft-radio-text\" data-no-translation=\"\" data-trp-gettext=\"\">\u0110\u00e1nh gi\u00e1 trung b\u00ecnh<\/span>\n                      <\/label>\n                                          <label for=\"qaft-order-date\" class=\"qaft-radio\">\n                        <input type=\"radio\" id=\"qaft-order-date\" name=\"orderby\" value=\"date\" >\n                        <span class=\"qaft-radio-text\" data-no-translation=\"\" data-trp-gettext=\"\">M\u1edbi nh\u1ea5t<\/span>\n                      <\/label>\n                                          <label for=\"qaft-order-price\" class=\"qaft-radio\">\n                        <input type=\"radio\" id=\"qaft-order-price\" name=\"orderby\" value=\"price\" >\n                        <span class=\"qaft-radio-text\" data-no-translation=\"\" data-trp-gettext=\"\">Price: Low to High<\/span>\n                      <\/label>\n                                          <label for=\"qaft-order-price-desc\" class=\"qaft-radio\">\n                        <input type=\"radio\" id=\"qaft-order-price-desc\" name=\"orderby\" value=\"price-desc\" >\n                        <span class=\"qaft-radio-text\" data-no-translation=\"\" data-trp-gettext=\"\">Price: High to Low<\/span>\n                      <\/label>\n                                                            <button type=\"submit\" class=\"qaft-apply\" data-no-translation=\"\" data-trp-gettext=\"\">\u00c1p d\u1ee5ng<\/button>\n                  <input type=\"hidden\" name=\"trp-form-language\" value=\"vi\"\/><\/form>\n                <\/details>\n            <\/div>\n\n            <div class=\"qaft-center\">\n                                    <div class=\"qaft-title\">The Sugar Ballet<\/div>\n                                <div class=\"qaft-count\">3 products<\/div>\n            <\/div>\n\n            <div class=\"qaft-side qaft-right\">\n                <a href=\"#\" class=\"qaft-btn qaft-filter-toggle\" data-no-translation=\"\" data-trp-gettext=\"\">L\u1ecdc<\/a>\n            <\/div>\n        <\/div>\n        <div class=\"woocommerce-notices-wrapper\"><\/div><ul class=\"products columns-4\">\n<li class=\"product type-product post-6741 status-publish first instock product_cat-dress product_cat-new-arrivals product_cat-sale product_cat-the-sugar-ballet has-post-thumbnail shipping-taxable purchasable product-type-variable\">\n\t<a href=\"https:\/\/caleelilou.com\/vi\/san-pham\/fayelle-set\/\" class=\"woocommerce-LoopProduct-link woocommerce-loop-product__link\"><img fetchpriority=\"high\" decoding=\"async\" width=\"2000\" height=\"3500\" src=\"https:\/\/caleelilou.com\/wp-content\/uploads\/2025\/05\/Fayelle-Set-1780000-VND6-2000x3500.png\" class=\"attachment-woocommerce_thumbnail size-woocommerce_thumbnail\" alt=\"Fayelle Set\" \/><h2 class=\"woocommerce-loop-product__title\">Fayelle Set<\/h2>\n\t<span class=\"price\"><span class=\"wcpbc-price wcpbc-price-6741\" data-product-id=\"6741\"><span class=\"woocommerce-Price-amount amount\"><bdi>1.890.000&nbsp;<span class=\"woocommerce-Price-currencySymbol\">&#8363;<\/span><\/bdi><\/span><\/span><\/span>\n<\/a><a href=\"https:\/\/caleelilou.com\/vi\/san-pham\/fayelle-set\/\" aria-describedby=\"woocommerce_loop_add_to_cart_link_describedby_6741\" data-quantity=\"1\" class=\"button product_type_variable add_to_cart_button cfvsw_ajax_add_to_cart\" data-product_id=\"6741\" data-product_sku=\"\" aria-label=\"L\u1ef1a ch\u1ecdn cho \u201cFayelle Set\u201d\" rel=\"nofollow\" data-add_to_cart_text=\"Add to Cart\" data-select_options_text=\"L\u1ef1a ch\u1ecdn t\u00f9y ch\u1ecdn\" data-no-translation=\"\" data-trp-gettext=\"\" data-no-translation-aria-label=\"\" data-no-translation-data-select_options_text=\"\">L\u1ef1a ch\u1ecdn t\u00f9y ch\u1ecdn<\/a>\t<span id=\"woocommerce_loop_add_to_cart_link_describedby_6741\" class=\"screen-reader-text\">\n\t\tS\u1ea3n ph\u1ea9m n\u00e0y c\u00f3 nhi\u1ec1u bi\u1ebfn th\u1ec3. C\u00e1c t\u00f9y ch\u1ecdn c\u00f3 th\u1ec3 \u0111\u01b0\u1ee3c ch\u1ecdn tr\u00ean trang s\u1ea3n ph\u1ea9m\t<\/span>\n<\/li>\n<li class=\"product type-product post-6737 status-publish instock product_cat-dress product_cat-new-arrivals product_cat-sale product_cat-the-sugar-ballet has-post-thumbnail shipping-taxable purchasable product-type-variable\">\n\t<a href=\"https:\/\/caleelilou.com\/vi\/san-pham\/elarose-dress\/\" class=\"woocommerce-LoopProduct-link woocommerce-loop-product__link\"><img decoding=\"async\" width=\"2000\" height=\"3500\" src=\"https:\/\/caleelilou.com\/wp-content\/uploads\/2025\/05\/Elarose-Dress-3290000-VND10-2000x3500.png\" class=\"attachment-woocommerce_thumbnail size-woocommerce_thumbnail\" alt=\"Elarose Dress\" \/><h2 class=\"woocommerce-loop-product__title\">Elarose Dress<\/h2>\n\t<span class=\"price\"><span class=\"wcpbc-price wcpbc-price-6737\" data-product-id=\"6737\"><span class=\"woocommerce-Price-amount amount\"><bdi>3.290.000&nbsp;<span class=\"woocommerce-Price-currencySymbol\">&#8363;<\/span><\/bdi><\/span><\/span><\/span>\n<\/a><a href=\"https:\/\/caleelilou.com\/vi\/san-pham\/elarose-dress\/\" aria-describedby=\"woocommerce_loop_add_to_cart_link_describedby_6737\" data-quantity=\"1\" class=\"button product_type_variable add_to_cart_button cfvsw_ajax_add_to_cart\" data-product_id=\"6737\" data-product_sku=\"\" aria-label=\"L\u1ef1a ch\u1ecdn cho \u201cElarose Dress\u201d\" rel=\"nofollow\" data-add_to_cart_text=\"Add to Cart\" data-select_options_text=\"L\u1ef1a ch\u1ecdn t\u00f9y ch\u1ecdn\" data-no-translation=\"\" data-trp-gettext=\"\" data-no-translation-aria-label=\"\" data-no-translation-data-select_options_text=\"\">L\u1ef1a ch\u1ecdn t\u00f9y ch\u1ecdn<\/a>\t<span id=\"woocommerce_loop_add_to_cart_link_describedby_6737\" class=\"screen-reader-text\">\n\t\tS\u1ea3n ph\u1ea9m n\u00e0y c\u00f3 nhi\u1ec1u bi\u1ebfn th\u1ec3. C\u00e1c t\u00f9y ch\u1ecdn c\u00f3 th\u1ec3 \u0111\u01b0\u1ee3c ch\u1ecdn tr\u00ean trang s\u1ea3n ph\u1ea9m\t<\/span>\n<\/li>\n<li class=\"product type-product post-6733 status-publish instock product_cat-dress product_cat-new-arrivals product_cat-sale product_cat-the-sugar-ballet has-post-thumbnail shipping-taxable purchasable product-type-variable\">\n\t<a href=\"https:\/\/caleelilou.com\/vi\/san-pham\/amelisse-dress\/\" class=\"woocommerce-LoopProduct-link woocommerce-loop-product__link\"><img decoding=\"async\" width=\"2000\" height=\"3500\" src=\"https:\/\/caleelilou.com\/wp-content\/uploads\/2025\/05\/Amelisse-Dress-2990k--2000x3500.png\" class=\"attachment-woocommerce_thumbnail size-woocommerce_thumbnail\" alt=\"Amelisse Dress\" \/><h2 class=\"woocommerce-loop-product__title\">Amelisse Dress<\/h2>\n\t<span class=\"price\"><span class=\"wcpbc-price wcpbc-price-6733\" data-product-id=\"6733\"><span class=\"woocommerce-Price-amount amount\"><bdi>2.990.000&nbsp;<span class=\"woocommerce-Price-currencySymbol\">&#8363;<\/span><\/bdi><\/span><\/span><\/span>\n<\/a><a href=\"https:\/\/caleelilou.com\/vi\/san-pham\/amelisse-dress\/\" aria-describedby=\"woocommerce_loop_add_to_cart_link_describedby_6733\" data-quantity=\"1\" class=\"button product_type_variable add_to_cart_button cfvsw_ajax_add_to_cart\" data-product_id=\"6733\" data-product_sku=\"\" aria-label=\"L\u1ef1a ch\u1ecdn cho \u201cAmelisse Dress\u201d\" rel=\"nofollow\" data-add_to_cart_text=\"Add to Cart\" data-select_options_text=\"L\u1ef1a ch\u1ecdn t\u00f9y ch\u1ecdn\" data-no-translation=\"\" data-trp-gettext=\"\" data-no-translation-aria-label=\"\" data-no-translation-data-select_options_text=\"\">L\u1ef1a ch\u1ecdn t\u00f9y ch\u1ecdn<\/a>\t<span id=\"woocommerce_loop_add_to_cart_link_describedby_6733\" class=\"screen-reader-text\">\n\t\tS\u1ea3n ph\u1ea9m n\u00e0y c\u00f3 nhi\u1ec1u bi\u1ebfn th\u1ec3. C\u00e1c t\u00f9y ch\u1ecdn c\u00f3 th\u1ec3 \u0111\u01b0\u1ee3c ch\u1ecdn tr\u00ean trang s\u1ea3n ph\u1ea9m\t<\/span>\n<\/li>\n<\/ul>\n<\/div><\/div>\n\t\t\t\t\t\t<\/div>\n\t\t\t\t<\/div>\n\t\t\t\t<\/div>\n\t\t\t\t<\/div>\n\t\t\t\t<\/div>","protected":false},"excerpt":{"rendered":"<p>The Sugar Ballet The summer collection &#8220;\ud835\udc7b\ud835\udc89\ud835\udc86 \ud835\udc7a\ud835\udc96\ud835\udc88\ud835\udc82\ud835\udc93 \ud835\udc69\ud835\udc82\ud835\udc8d\ud835\udc8d\ud835\udc86\ud835\udc95&#8221; from Caleelilou is a poetic journey of elegance and romance, brought to life through creative design and meticulous craftsmanship. Each dress evokes the softness of blooming flowers and the gentle breeze of summer, crafted from airy silk layers that float with every movement. Thoughtful smocking details accentuate the feminine form, adding grace and charm. With a sweet, harmonious palette of soft pinks and greens, the collection feels like summer candy melting on the tongue. Blending youthful spirit with timeless romance, these designs are perfect for sun-kissed getaways and golden hour strolls\u2014light, dreamy, and effortlessly captivating.<\/p>","protected":false},"author":1,"featured_media":0,"parent":0,"menu_order":0,"comment_status":"closed","ping_status":"closed","template":"elementor_canvas","meta":{"footnotes":""},"class_list":["post-6745","page","type-page","status-publish","hentry"],"_links":{"self":[{"href":"https:\/\/caleelilou.com\/vi\/wp-json\/wp\/v2\/pages\/6745","targetHints":{"allow":["GET"]}}],"collection":[{"href":"https:\/\/caleelilou.com\/vi\/wp-json\/wp\/v2\/pages"}],"about":[{"href":"https:\/\/caleelilou.com\/vi\/wp-json\/wp\/v2\/types\/page"}],"author":[{"embeddable":true,"href":"https:\/\/caleelilou.com\/vi\/wp-json\/wp\/v2\/users\/1"}],"replies":[{"embeddable":true,"href":"https:\/\/caleelilou.com\/vi\/wp-json\/wp\/v2\/comments?post=6745"}],"version-history":[{"count":22,"href":"https:\/\/caleelilou.com\/vi\/wp-json\/wp\/v2\/pages\/6745\/revisions"}],"predecessor-version":[{"id":7404,"href":"https:\/\/caleelilou.com\/vi\/wp-json\/wp\/v2\/pages\/6745\/revisions\/7404"}],"wp:attachment":[{"href":"https:\/\/caleelilou.com\/vi\/wp-json\/wp\/v2\/media?parent=6745"}],"curies":[{"name":"wp","href":"https:\/\/api.w.org\/{rel}","templated":true}]}}