{"id":7032,"date":"2025-07-30T13:21:32","date_gmt":"2025-07-30T13:21:32","guid":{"rendered":"https:\/\/caleelilou.com\/?page_id=7032"},"modified":"2025-11-21T18:40:28","modified_gmt":"2025-11-21T18:40:28","slug":"fairy-mist","status":"publish","type":"page","link":"https:\/\/caleelilou.com\/vi\/fairy-mist\/","title":{"rendered":"Fairy Mist"},"content":{"rendered":"<div data-elementor-type=\"wp-page\" data-elementor-id=\"7032\" class=\"elementor elementor-7032\" data-elementor-post-type=\"page\">\n\t\t\t\t<div class=\"elementor-element elementor-element-0096e9e e-con-full e-flex wpr-particle-no wpr-jarallax-no wpr-parallax-no wpr-sticky-section-no wpr-column-slider-no wpr-equal-height-no e-con e-parent\" data-id=\"0096e9e\" data-element_type=\"container\" data-e-type=\"container\" data-settings=\"{&quot;background_background&quot;:&quot;classic&quot;}\">\n\t\t\t\t<\/div>\n\t\t<div class=\"elementor-element elementor-element-9b17b83 e-flex e-con-boxed wpr-particle-no wpr-jarallax-no wpr-parallax-no wpr-sticky-section-no wpr-column-slider-no wpr-equal-height-no e-con e-parent\" data-id=\"9b17b83\" data-element_type=\"container\" data-e-type=\"container\">\n\t\t\t\t\t<div class=\"e-con-inner\">\n\t\t\t\t<div class=\"elementor-element elementor-element-19d27c0 elementor-widget elementor-widget-heading\" data-id=\"19d27c0\" data-element_type=\"widget\" data-e-type=\"widget\" data-widget_type=\"heading.default\">\n\t\t\t\t<div class=\"elementor-widget-container\">\n\t\t\t\t\t<h2 class=\"elementor-heading-title elementor-size-default\">Fairy Mist<\/h2>\t\t\t\t<\/div>\n\t\t\t\t<\/div>\n\t\t\t\t\t<\/div>\n\t\t\t\t<\/div>\n\t\t<div class=\"elementor-element elementor-element-e5be7b8 e-flex e-con-boxed wpr-particle-no wpr-jarallax-no wpr-parallax-no wpr-sticky-section-no wpr-column-slider-no wpr-equal-height-no e-con e-parent\" data-id=\"e5be7b8\" data-element_type=\"container\" data-e-type=\"container\">\n\t\t\t\t\t<div class=\"e-con-inner\">\n\t\t\t\t<div class=\"elementor-element elementor-element-139c919 elementor-widget elementor-widget-text-editor\" data-id=\"139c919\" data-element_type=\"widget\" data-e-type=\"widget\" data-widget_type=\"text-editor.default\">\n\t\t\t\t<div class=\"elementor-widget-container\">\n\t\t\t\t\t\t\t\t\t<p>Inspired by the delicate and pure beauty of fairies from a mythical realm, this collection imagines a world where time seems to slow down beneath soft sunlight and gentle drifting winds. The overarching style is a harmonious blend of innocence and subtle allure, of femininity wrapped in a quiet sense of freedom and lightness. Presented in a palette of soft, airy tones, each piece carries the essence of early morning mist. Fairy Veil is not just about fashion. It is a feeling of weightlessness, where the wearer draws every gaze with her quiet grace rather than grand gestures.<\/p>\t\t\t\t\t\t\t\t<\/div>\n\t\t\t\t<\/div>\n\t\t\t\t\t<\/div>\n\t\t\t\t<\/div>\n\t\t<div class=\"elementor-element elementor-element-0270ada e-con-full e-flex wpr-particle-no wpr-jarallax-no wpr-parallax-no wpr-sticky-section-no wpr-column-slider-no wpr-equal-height-no e-con e-parent\" data-id=\"0270ada\" data-element_type=\"container\" data-e-type=\"container\">\n\t\t<div class=\"elementor-element elementor-element-52f1fec e-con-full e-flex wpr-particle-no wpr-jarallax-no wpr-parallax-no wpr-sticky-section-no wpr-column-slider-no wpr-equal-height-no e-con e-child\" data-id=\"52f1fec\" data-element_type=\"container\" data-e-type=\"container\">\n\t\t\t\t<div class=\"elementor-element elementor-element-f482314 elementor-widget elementor-widget-shortcode\" data-id=\"f482314\" data-element_type=\"widget\" data-e-type=\"widget\" data-widget_type=\"shortcode.default\">\n\t\t\t\t<div class=\"elementor-widget-container\">\n\t\t\t\t\t\t\t<div class=\"elementor-shortcode\"><div class=\"woocommerce columns-4\">        <div class=\"qa-fanci-toolbar qaft-v121\" role=\"region\" aria-label=\"Product toolbar\">\n            <div class=\"qaft-side qaft-left\">\n                <details class=\"qaft-details\">\n                  <summary class=\"qaft-btn\" data-no-translation=\"\" data-trp-gettext=\"\">S\u1eafp x\u1ebfp theo<\/summary>\n                  <form class=\"qaft-radio-list\" method=\"get\" action=\"\" data-trp-original-action=\"\">\n                                          <label for=\"qaft-order-menu_order\" class=\"qaft-radio\">\n                        <input type=\"radio\" id=\"qaft-order-menu_order\" name=\"orderby\" value=\"menu_order\" checked>\n                        <span class=\"qaft-radio-text\" data-no-translation=\"\" data-trp-gettext=\"\">M\u1eb7c \u0111\u1ecbnh<\/span>\n                      <\/label>\n                                          <label for=\"qaft-order-popularity\" class=\"qaft-radio\">\n                        <input type=\"radio\" id=\"qaft-order-popularity\" name=\"orderby\" value=\"popularity\" >\n                        <span class=\"qaft-radio-text\" data-no-translation=\"\" data-trp-gettext=\"\">Ph\u1ed5 bi\u1ebfn<\/span>\n                      <\/label>\n                                          <label for=\"qaft-order-rating\" class=\"qaft-radio\">\n                        <input type=\"radio\" id=\"qaft-order-rating\" name=\"orderby\" value=\"rating\" >\n                        <span class=\"qaft-radio-text\" data-no-translation=\"\" data-trp-gettext=\"\">\u0110\u00e1nh gi\u00e1 trung b\u00ecnh<\/span>\n                      <\/label>\n                                          <label for=\"qaft-order-date\" class=\"qaft-radio\">\n                        <input type=\"radio\" id=\"qaft-order-date\" name=\"orderby\" value=\"date\" >\n                        <span class=\"qaft-radio-text\" data-no-translation=\"\" data-trp-gettext=\"\">M\u1edbi nh\u1ea5t<\/span>\n                      <\/label>\n                                          <label for=\"qaft-order-price\" class=\"qaft-radio\">\n                        <input type=\"radio\" id=\"qaft-order-price\" name=\"orderby\" value=\"price\" >\n                        <span class=\"qaft-radio-text\" data-no-translation=\"\" data-trp-gettext=\"\">Price: Low to High<\/span>\n                      <\/label>\n                                          <label for=\"qaft-order-price-desc\" class=\"qaft-radio\">\n                        <input type=\"radio\" id=\"qaft-order-price-desc\" name=\"orderby\" value=\"price-desc\" >\n                        <span class=\"qaft-radio-text\" data-no-translation=\"\" data-trp-gettext=\"\">Price: High to Low<\/span>\n                      <\/label>\n                                                            <button type=\"submit\" class=\"qaft-apply\" data-no-translation=\"\" data-trp-gettext=\"\">\u00c1p d\u1ee5ng<\/button>\n                  <input type=\"hidden\" name=\"trp-form-language\" value=\"vi\"\/><\/form>\n                <\/details>\n            <\/div>\n\n            <div class=\"qaft-center\">\n                                    <div class=\"qaft-title\">Fairy Mist<\/div>\n                                <div class=\"qaft-count\">3 products<\/div>\n            <\/div>\n\n            <div class=\"qaft-side qaft-right\">\n                <a href=\"#\" class=\"qaft-btn qaft-filter-toggle\" data-no-translation=\"\" data-trp-gettext=\"\">L\u1ecdc<\/a>\n            <\/div>\n        <\/div>\n        <div class=\"woocommerce-notices-wrapper\"><\/div><ul class=\"products columns-4\">\n<li class=\"product type-product post-7028 status-publish first instock product_cat-dress product_cat-fairy-mist product_cat-new-arrivals product_cat-set has-post-thumbnail shipping-taxable purchasable product-type-variable\">\n\t<a href=\"https:\/\/caleelilou.com\/vi\/san-pham\/roselie-set\/\" class=\"woocommerce-LoopProduct-link woocommerce-loop-product__link\"><img fetchpriority=\"high\" decoding=\"async\" width=\"1600\" height=\"2000\" src=\"https:\/\/caleelilou.com\/wp-content\/uploads\/2025\/07\/Roselie-Set-1890000-VND5.jpg\" class=\"attachment-woocommerce_thumbnail size-woocommerce_thumbnail\" alt=\"Roselie Set\" srcset=\"https:\/\/caleelilou.com\/wp-content\/uploads\/2025\/07\/Roselie-Set-1890000-VND5.jpg 1600w, https:\/\/caleelilou.com\/wp-content\/uploads\/2025\/07\/Roselie-Set-1890000-VND5-240x300.jpg 240w, https:\/\/caleelilou.com\/wp-content\/uploads\/2025\/07\/Roselie-Set-1890000-VND5-819x1024.jpg 819w, https:\/\/caleelilou.com\/wp-content\/uploads\/2025\/07\/Roselie-Set-1890000-VND5-768x960.jpg 768w, https:\/\/caleelilou.com\/wp-content\/uploads\/2025\/07\/Roselie-Set-1890000-VND5-1229x1536.jpg 1229w, https:\/\/caleelilou.com\/wp-content\/uploads\/2025\/07\/Roselie-Set-1890000-VND5-10x12.jpg 10w, https:\/\/caleelilou.com\/wp-content\/uploads\/2025\/07\/Roselie-Set-1890000-VND5-1200x1500.jpg 1200w, https:\/\/caleelilou.com\/wp-content\/uploads\/2025\/07\/Roselie-Set-1890000-VND5-64x80.jpg 64w\" sizes=\"(max-width: 1600px) 100vw, 1600px\" \/><h2 class=\"woocommerce-loop-product__title\">Roselie Set<\/h2>\n\t<span class=\"price\"><span class=\"wcpbc-price wcpbc-price-7028\" data-product-id=\"7028\"><span class=\"woocommerce-Price-amount amount\"><bdi>1.890.000&nbsp;<span class=\"woocommerce-Price-currencySymbol\">&#8363;<\/span><\/bdi><\/span><\/span><\/span>\n<\/a><a href=\"https:\/\/caleelilou.com\/vi\/san-pham\/roselie-set\/\" aria-describedby=\"woocommerce_loop_add_to_cart_link_describedby_7028\" data-quantity=\"1\" class=\"button product_type_variable add_to_cart_button cfvsw_ajax_add_to_cart\" data-product_id=\"7028\" data-product_sku=\"\" aria-label=\"L\u1ef1a ch\u1ecdn cho \u201cRoselie Set\u201d\" rel=\"nofollow\" data-add_to_cart_text=\"Add to Cart\" data-select_options_text=\"L\u1ef1a ch\u1ecdn t\u00f9y ch\u1ecdn\" data-no-translation=\"\" data-trp-gettext=\"\" data-no-translation-aria-label=\"\" data-no-translation-data-select_options_text=\"\">L\u1ef1a ch\u1ecdn t\u00f9y ch\u1ecdn<\/a>\t<span id=\"woocommerce_loop_add_to_cart_link_describedby_7028\" class=\"screen-reader-text\">\n\t\tS\u1ea3n ph\u1ea9m n\u00e0y c\u00f3 nhi\u1ec1u bi\u1ebfn th\u1ec3. C\u00e1c t\u00f9y ch\u1ecdn c\u00f3 th\u1ec3 \u0111\u01b0\u1ee3c ch\u1ecdn tr\u00ean trang s\u1ea3n ph\u1ea9m\t<\/span>\n<\/li>\n<li class=\"product type-product post-7024 status-publish outofstock product_cat-dress product_cat-fairy-mist product_cat-new-arrivals product_cat-sale has-post-thumbnail sale shipping-taxable purchasable product-type-variable\">\n\t<a href=\"https:\/\/caleelilou.com\/vi\/san-pham\/catelina-set\/\" class=\"woocommerce-LoopProduct-link woocommerce-loop-product__link\">\n\t<span class=\"onsale\" data-no-translation=\"\" data-trp-gettext=\"\">Gi\u1ea3m gi\u00e1!<\/span>\n\t<img decoding=\"async\" width=\"1600\" height=\"2000\" src=\"https:\/\/caleelilou.com\/wp-content\/uploads\/2025\/07\/Catelina-Set-1290000VND1.jpg\" class=\"attachment-woocommerce_thumbnail size-woocommerce_thumbnail\" alt=\"Catelina Set\" srcset=\"https:\/\/caleelilou.com\/wp-content\/uploads\/2025\/07\/Catelina-Set-1290000VND1.jpg 1600w, https:\/\/caleelilou.com\/wp-content\/uploads\/2025\/07\/Catelina-Set-1290000VND1-240x300.jpg 240w, https:\/\/caleelilou.com\/wp-content\/uploads\/2025\/07\/Catelina-Set-1290000VND1-819x1024.jpg 819w, https:\/\/caleelilou.com\/wp-content\/uploads\/2025\/07\/Catelina-Set-1290000VND1-768x960.jpg 768w, https:\/\/caleelilou.com\/wp-content\/uploads\/2025\/07\/Catelina-Set-1290000VND1-1229x1536.jpg 1229w, https:\/\/caleelilou.com\/wp-content\/uploads\/2025\/07\/Catelina-Set-1290000VND1-10x12.jpg 10w, https:\/\/caleelilou.com\/wp-content\/uploads\/2025\/07\/Catelina-Set-1290000VND1-1200x1500.jpg 1200w, https:\/\/caleelilou.com\/wp-content\/uploads\/2025\/07\/Catelina-Set-1290000VND1-64x80.jpg 64w\" sizes=\"(max-width: 1600px) 100vw, 1600px\" \/><h2 class=\"woocommerce-loop-product__title\">Catelina Set<\/h2>\n\t<span class=\"price\"><span class=\"wcpbc-price wcpbc-price-7024\" data-product-id=\"7024\"><del aria-hidden=\"true\"><span class=\"woocommerce-Price-amount amount\"><bdi>1.290.000&nbsp;<span class=\"woocommerce-Price-currencySymbol\">&#8363;<\/span><\/bdi><\/span><\/del> <span class=\"screen-reader-text\" data-no-translation=\"\" data-trp-gettext=\"\">Gi\u00e1 g\u1ed1c l\u00e0: 1.290.000&nbsp;&#8363;.<\/span><ins aria-hidden=\"true\"><span class=\"woocommerce-Price-amount amount\"><bdi>774.000&nbsp;<span class=\"woocommerce-Price-currencySymbol\">&#8363;<\/span><\/bdi><\/span><\/ins><span class=\"screen-reader-text\" data-no-translation=\"\" data-trp-gettext=\"\">Gi\u00e1 hi\u1ec7n t\u1ea1i l\u00e0: 774.000&nbsp;&#8363;.<\/span><\/span><\/span>\n<\/a><a href=\"https:\/\/caleelilou.com\/vi\/san-pham\/catelina-set\/\" aria-describedby=\"woocommerce_loop_add_to_cart_link_describedby_7024\" data-quantity=\"1\" class=\"button product_type_variable cfvsw_ajax_add_to_cart\" data-product_id=\"7024\" data-product_sku=\"\" aria-label=\"L\u1ef1a ch\u1ecdn cho \u201cCatelina Set\u201d\" rel=\"nofollow\" data-add_to_cart_text=\"Add to Cart\" data-select_options_text=\"L\u1ef1a ch\u1ecdn t\u00f9y ch\u1ecdn\" data-no-translation=\"\" data-trp-gettext=\"\" data-no-translation-aria-label=\"\" data-no-translation-data-select_options_text=\"\">L\u1ef1a ch\u1ecdn t\u00f9y ch\u1ecdn<\/a>\t<span id=\"woocommerce_loop_add_to_cart_link_describedby_7024\" class=\"screen-reader-text\">\n\t\tS\u1ea3n ph\u1ea9m n\u00e0y c\u00f3 nhi\u1ec1u bi\u1ebfn th\u1ec3. C\u00e1c t\u00f9y ch\u1ecdn c\u00f3 th\u1ec3 \u0111\u01b0\u1ee3c ch\u1ecdn tr\u00ean trang s\u1ea3n ph\u1ea9m\t<\/span>\n<\/li>\n<li class=\"product type-product post-7020 status-publish instock product_cat-dress product_cat-fairy-mist product_cat-new-arrivals product_cat-sale has-post-thumbnail shipping-taxable purchasable product-type-variable\">\n\t<a href=\"https:\/\/caleelilou.com\/vi\/san-pham\/bellerie-dress\/\" class=\"woocommerce-LoopProduct-link woocommerce-loop-product__link\"><img decoding=\"async\" width=\"1600\" height=\"2000\" src=\"https:\/\/caleelilou.com\/wp-content\/uploads\/2025\/07\/Bellerie-Dress-2890000VND3.jpg\" class=\"attachment-woocommerce_thumbnail size-woocommerce_thumbnail\" alt=\"Bellerie Dress\" srcset=\"https:\/\/caleelilou.com\/wp-content\/uploads\/2025\/07\/Bellerie-Dress-2890000VND3.jpg 1600w, https:\/\/caleelilou.com\/wp-content\/uploads\/2025\/07\/Bellerie-Dress-2890000VND3-240x300.jpg 240w, https:\/\/caleelilou.com\/wp-content\/uploads\/2025\/07\/Bellerie-Dress-2890000VND3-819x1024.jpg 819w, https:\/\/caleelilou.com\/wp-content\/uploads\/2025\/07\/Bellerie-Dress-2890000VND3-768x960.jpg 768w, https:\/\/caleelilou.com\/wp-content\/uploads\/2025\/07\/Bellerie-Dress-2890000VND3-1229x1536.jpg 1229w, https:\/\/caleelilou.com\/wp-content\/uploads\/2025\/07\/Bellerie-Dress-2890000VND3-10x12.jpg 10w, https:\/\/caleelilou.com\/wp-content\/uploads\/2025\/07\/Bellerie-Dress-2890000VND3-1200x1500.jpg 1200w, https:\/\/caleelilou.com\/wp-content\/uploads\/2025\/07\/Bellerie-Dress-2890000VND3-64x80.jpg 64w\" sizes=\"(max-width: 1600px) 100vw, 1600px\" \/><h2 class=\"woocommerce-loop-product__title\">Bellerie Dress<\/h2>\n\t<span class=\"price\"><span class=\"wcpbc-price wcpbc-price-7020\" data-product-id=\"7020\"><span class=\"woocommerce-Price-amount amount\"><bdi>2.890.000&nbsp;<span class=\"woocommerce-Price-currencySymbol\">&#8363;<\/span><\/bdi><\/span><\/span><\/span>\n<\/a><a href=\"https:\/\/caleelilou.com\/vi\/san-pham\/bellerie-dress\/\" aria-describedby=\"woocommerce_loop_add_to_cart_link_describedby_7020\" data-quantity=\"1\" class=\"button product_type_variable add_to_cart_button cfvsw_ajax_add_to_cart\" data-product_id=\"7020\" data-product_sku=\"\" aria-label=\"L\u1ef1a ch\u1ecdn cho \u201cBellerie Dress\u201d\" rel=\"nofollow\" data-add_to_cart_text=\"Add to Cart\" data-select_options_text=\"L\u1ef1a ch\u1ecdn t\u00f9y ch\u1ecdn\" data-no-translation=\"\" data-trp-gettext=\"\" data-no-translation-aria-label=\"\" data-no-translation-data-select_options_text=\"\">L\u1ef1a ch\u1ecdn t\u00f9y ch\u1ecdn<\/a>\t<span id=\"woocommerce_loop_add_to_cart_link_describedby_7020\" class=\"screen-reader-text\">\n\t\tS\u1ea3n ph\u1ea9m n\u00e0y c\u00f3 nhi\u1ec1u bi\u1ebfn th\u1ec3. C\u00e1c t\u00f9y ch\u1ecdn c\u00f3 th\u1ec3 \u0111\u01b0\u1ee3c ch\u1ecdn tr\u00ean trang s\u1ea3n ph\u1ea9m\t<\/span>\n<\/li>\n<\/ul>\n<\/div><\/div>\n\t\t\t\t\t\t<\/div>\n\t\t\t\t<\/div>\n\t\t\t\t<\/div>\n\t\t\t\t<\/div>\n\t\t\t\t<\/div>","protected":false},"excerpt":{"rendered":"<p>Fairy Mist Inspired by the delicate and pure beauty of fairies from a mythical realm, this collection imagines a world where time seems to slow down beneath soft sunlight and gentle drifting winds. The overarching style is a harmonious blend of innocence and subtle allure, of femininity wrapped in a quiet sense of freedom and lightness. Presented in a palette of soft, airy tones, each piece carries the essence of early morning mist. Fairy Veil is not just about fashion. It is a feeling of weightlessness, where the wearer draws every gaze with her quiet grace rather than grand gestures.<\/p>","protected":false},"author":1,"featured_media":0,"parent":0,"menu_order":0,"comment_status":"closed","ping_status":"closed","template":"elementor_canvas","meta":{"footnotes":""},"class_list":["post-7032","page","type-page","status-publish","hentry"],"_links":{"self":[{"href":"https:\/\/caleelilou.com\/vi\/wp-json\/wp\/v2\/pages\/7032","targetHints":{"allow":["GET"]}}],"collection":[{"href":"https:\/\/caleelilou.com\/vi\/wp-json\/wp\/v2\/pages"}],"about":[{"href":"https:\/\/caleelilou.com\/vi\/wp-json\/wp\/v2\/types\/page"}],"author":[{"embeddable":true,"href":"https:\/\/caleelilou.com\/vi\/wp-json\/wp\/v2\/users\/1"}],"replies":[{"embeddable":true,"href":"https:\/\/caleelilou.com\/vi\/wp-json\/wp\/v2\/comments?post=7032"}],"version-history":[{"count":16,"href":"https:\/\/caleelilou.com\/vi\/wp-json\/wp\/v2\/pages\/7032\/revisions"}],"predecessor-version":[{"id":7401,"href":"https:\/\/caleelilou.com\/vi\/wp-json\/wp\/v2\/pages\/7032\/revisions\/7401"}],"wp:attachment":[{"href":"https:\/\/caleelilou.com\/vi\/wp-json\/wp\/v2\/media?parent=7032"}],"curies":[{"name":"wp","href":"https:\/\/api.w.org\/{rel}","templated":true}]}}