{"id":7171,"date":"2025-09-07T16:08:22","date_gmt":"2025-09-07T16:08:22","guid":{"rendered":"https:\/\/caleelilou.com\/?page_id=7171"},"modified":"2025-11-21T18:39:33","modified_gmt":"2025-11-21T18:39:33","slug":"chateau-de-lune","status":"publish","type":"page","link":"https:\/\/caleelilou.com\/vi\/chateau-de-lune\/","title":{"rendered":"Ch\u00e2teau de Lune"},"content":{"rendered":"<div data-elementor-type=\"wp-page\" data-elementor-id=\"7171\" class=\"elementor elementor-7171\" data-elementor-post-type=\"page\">\n\t\t\t\t<div class=\"elementor-element elementor-element-e8d0799 e-con-full e-flex wpr-particle-no wpr-jarallax-no wpr-parallax-no wpr-sticky-section-no wpr-column-slider-no wpr-equal-height-no e-con e-parent\" data-id=\"e8d0799\" data-element_type=\"container\" data-e-type=\"container\" data-settings=\"{&quot;background_background&quot;:&quot;classic&quot;}\">\n\t\t\t\t<\/div>\n\t\t<div class=\"elementor-element elementor-element-c205c83 e-flex e-con-boxed wpr-particle-no wpr-jarallax-no wpr-parallax-no wpr-sticky-section-no wpr-column-slider-no wpr-equal-height-no e-con e-parent\" data-id=\"c205c83\" data-element_type=\"container\" data-e-type=\"container\">\n\t\t\t\t\t<div class=\"e-con-inner\">\n\t\t\t\t<div class=\"elementor-element elementor-element-41fa4f6 elementor-widget elementor-widget-heading\" data-id=\"41fa4f6\" data-element_type=\"widget\" data-e-type=\"widget\" data-widget_type=\"heading.default\">\n\t\t\t\t<div class=\"elementor-widget-container\">\n\t\t\t\t\t<h2 class=\"elementor-heading-title elementor-size-default\">Ch\u00e2teau de Lune - \ud835\udc64\u210e\ud835\udc52\ud835\udc5f\ud835\udc52 \ud835\udc52\ud835\udc59\ud835\udc52\ud835\udc54\ud835\udc4e\ud835\udc5b\ud835\udc50\ud835\udc52 \ud835\udc60\ud835\udc59\ud835\udc52\ud835\udc52\ud835\udc5d\ud835\udc60 \ud835\udc56\ud835\udc5b \ud835\udc60\ud835\udc56\ud835\udc59\ud835\udc63\ud835\udc52\ud835\udc5f \ud835\udc59\ud835\udc56\ud835\udc54\u210e\ud835\udc61\n<\/h2>\t\t\t\t<\/div>\n\t\t\t\t<\/div>\n\t\t\t\t\t<\/div>\n\t\t\t\t<\/div>\n\t\t<div class=\"elementor-element elementor-element-841f070 e-flex e-con-boxed wpr-particle-no wpr-jarallax-no wpr-parallax-no wpr-sticky-section-no wpr-column-slider-no wpr-equal-height-no e-con e-parent\" data-id=\"841f070\" data-element_type=\"container\" data-e-type=\"container\">\n\t\t\t\t\t<div class=\"e-con-inner\">\n\t\t\t\t<div class=\"elementor-element elementor-element-44c8850 elementor-widget elementor-widget-text-editor\" data-id=\"44c8850\" data-element_type=\"widget\" data-e-type=\"widget\" data-widget_type=\"text-editor.default\">\n\t\t\t\t<div class=\"elementor-widget-container\">\n\t\t\t\t\t\t\t\t\t<p>This mini collection draws inspiration from the image of Greek princesses &#8211; proud yet gentle, timeless in their elegance under the shimmering glow of moonlight. Each design is a modern reinterpretation of classical silhouettes, echoing a mythical spirit while embracing contemporary femininity. From sheer gowns adorned with sequins that glisten like moonlight over the sea, to flowing wine-red silk skirts that move with grace, every piece is crafted from premium materials and refined in finish. A delicately embroidered corset paired with a soft flared skirt channels quiet power, while the floral halter top and wrapped silk skirt offer a tender, modern charm, the perfect closing note to this poetic journey through fabric and time. With thoughtful draping, precise tailoring, and romantic sensibility, the collection captures a sense of refined softness and leaves a lasting impression of quiet sophistication.<\/p>\t\t\t\t\t\t\t\t<\/div>\n\t\t\t\t<\/div>\n\t\t\t\t\t<\/div>\n\t\t\t\t<\/div>\n\t\t<div class=\"elementor-element elementor-element-29e98e9 e-con-full e-flex wpr-particle-no wpr-jarallax-no wpr-parallax-no wpr-sticky-section-no wpr-column-slider-no wpr-equal-height-no e-con e-parent\" data-id=\"29e98e9\" data-element_type=\"container\" data-e-type=\"container\">\n\t\t<div class=\"elementor-element elementor-element-8e1e5b2 e-con-full e-flex wpr-particle-no wpr-jarallax-no wpr-parallax-no wpr-sticky-section-no wpr-column-slider-no wpr-equal-height-no e-con e-child\" data-id=\"8e1e5b2\" data-element_type=\"container\" data-e-type=\"container\">\n\t\t\t\t<div class=\"elementor-element elementor-element-95789c6 elementor-widget elementor-widget-shortcode\" data-id=\"95789c6\" data-element_type=\"widget\" data-e-type=\"widget\" data-widget_type=\"shortcode.default\">\n\t\t\t\t<div class=\"elementor-widget-container\">\n\t\t\t\t\t\t\t<div class=\"elementor-shortcode\"><div class=\"woocommerce columns-4\">        <div class=\"qa-fanci-toolbar qaft-v121\" role=\"region\" aria-label=\"Product toolbar\">\n            <div class=\"qaft-side qaft-left\">\n                <details class=\"qaft-details\">\n                  <summary class=\"qaft-btn\" data-no-translation=\"\" data-trp-gettext=\"\">S\u1eafp x\u1ebfp theo<\/summary>\n                  <form class=\"qaft-radio-list\" method=\"get\" action=\"\" data-trp-original-action=\"\">\n                                          <label for=\"qaft-order-menu_order\" class=\"qaft-radio\">\n                        <input type=\"radio\" id=\"qaft-order-menu_order\" name=\"orderby\" value=\"menu_order\" checked>\n                        <span class=\"qaft-radio-text\" data-no-translation=\"\" data-trp-gettext=\"\">M\u1eb7c \u0111\u1ecbnh<\/span>\n                      <\/label>\n                                          <label for=\"qaft-order-popularity\" class=\"qaft-radio\">\n                        <input type=\"radio\" id=\"qaft-order-popularity\" name=\"orderby\" value=\"popularity\" >\n                        <span class=\"qaft-radio-text\" data-no-translation=\"\" data-trp-gettext=\"\">Ph\u1ed5 bi\u1ebfn<\/span>\n                      <\/label>\n                                          <label for=\"qaft-order-rating\" class=\"qaft-radio\">\n                        <input type=\"radio\" id=\"qaft-order-rating\" name=\"orderby\" value=\"rating\" >\n                        <span class=\"qaft-radio-text\" data-no-translation=\"\" data-trp-gettext=\"\">\u0110\u00e1nh gi\u00e1 trung b\u00ecnh<\/span>\n                      <\/label>\n                                          <label for=\"qaft-order-date\" class=\"qaft-radio\">\n                        <input type=\"radio\" id=\"qaft-order-date\" name=\"orderby\" value=\"date\" >\n                        <span class=\"qaft-radio-text\" data-no-translation=\"\" data-trp-gettext=\"\">M\u1edbi nh\u1ea5t<\/span>\n                      <\/label>\n                                          <label for=\"qaft-order-price\" class=\"qaft-radio\">\n                        <input type=\"radio\" id=\"qaft-order-price\" name=\"orderby\" value=\"price\" >\n                        <span class=\"qaft-radio-text\" data-no-translation=\"\" data-trp-gettext=\"\">Price: Low to High<\/span>\n                      <\/label>\n                                          <label for=\"qaft-order-price-desc\" class=\"qaft-radio\">\n                        <input type=\"radio\" id=\"qaft-order-price-desc\" name=\"orderby\" value=\"price-desc\" >\n                        <span class=\"qaft-radio-text\" data-no-translation=\"\" data-trp-gettext=\"\">Price: High to Low<\/span>\n                      <\/label>\n                                                            <button type=\"submit\" class=\"qaft-apply\" data-no-translation=\"\" data-trp-gettext=\"\">\u00c1p d\u1ee5ng<\/button>\n                  <input type=\"hidden\" name=\"trp-form-language\" value=\"vi\"\/><\/form>\n                <\/details>\n            <\/div>\n\n            <div class=\"qaft-center\">\n                                    <div class=\"qaft-title\">Chateau De Lune<\/div>\n                                <div class=\"qaft-count\">4 products<\/div>\n            <\/div>\n\n            <div class=\"qaft-side qaft-right\">\n                <a href=\"#\" class=\"qaft-btn qaft-filter-toggle\" data-no-translation=\"\" data-trp-gettext=\"\">L\u1ecdc<\/a>\n            <\/div>\n        <\/div>\n        <div class=\"woocommerce-notices-wrapper\"><\/div><ul class=\"products columns-4\">\n<li class=\"product type-product post-7167 status-publish first instock product_cat-chateau-de-lune product_cat-sale product_cat-set has-post-thumbnail shipping-taxable purchasable product-type-variable\">\n\t<a href=\"https:\/\/caleelilou.com\/vi\/san-pham\/solena-set\/\" class=\"woocommerce-LoopProduct-link woocommerce-loop-product__link\"><img fetchpriority=\"high\" decoding=\"async\" width=\"1600\" height=\"2000\" src=\"https:\/\/caleelilou.com\/wp-content\/uploads\/2025\/09\/Solena-Set-2260k4.jpg\" class=\"attachment-woocommerce_thumbnail size-woocommerce_thumbnail\" alt=\"Solena Set\" srcset=\"https:\/\/caleelilou.com\/wp-content\/uploads\/2025\/09\/Solena-Set-2260k4.jpg 1600w, https:\/\/caleelilou.com\/wp-content\/uploads\/2025\/09\/Solena-Set-2260k4-240x300.jpg 240w, https:\/\/caleelilou.com\/wp-content\/uploads\/2025\/09\/Solena-Set-2260k4-819x1024.jpg 819w, https:\/\/caleelilou.com\/wp-content\/uploads\/2025\/09\/Solena-Set-2260k4-768x960.jpg 768w, https:\/\/caleelilou.com\/wp-content\/uploads\/2025\/09\/Solena-Set-2260k4-1229x1536.jpg 1229w, https:\/\/caleelilou.com\/wp-content\/uploads\/2025\/09\/Solena-Set-2260k4-10x12.jpg 10w, https:\/\/caleelilou.com\/wp-content\/uploads\/2025\/09\/Solena-Set-2260k4-1200x1500.jpg 1200w, https:\/\/caleelilou.com\/wp-content\/uploads\/2025\/09\/Solena-Set-2260k4-64x80.jpg 64w\" sizes=\"(max-width: 1600px) 100vw, 1600px\" \/><h2 class=\"woocommerce-loop-product__title\">Solena Set<\/h2>\n\t<span class=\"price\"><span class=\"wcpbc-price wcpbc-price-7167\" data-product-id=\"7167\"><span class=\"woocommerce-Price-amount amount\"><bdi>2.260.000&nbsp;<span class=\"woocommerce-Price-currencySymbol\">&#8363;<\/span><\/bdi><\/span><\/span><\/span>\n<\/a><a href=\"https:\/\/caleelilou.com\/vi\/san-pham\/solena-set\/\" aria-describedby=\"woocommerce_loop_add_to_cart_link_describedby_7167\" data-quantity=\"1\" class=\"button product_type_variable add_to_cart_button cfvsw_ajax_add_to_cart\" data-product_id=\"7167\" data-product_sku=\"\" aria-label=\"L\u1ef1a ch\u1ecdn cho \u201cSolena Set\u201d\" rel=\"nofollow\" data-add_to_cart_text=\"Add to Cart\" data-select_options_text=\"L\u1ef1a ch\u1ecdn t\u00f9y ch\u1ecdn\" data-no-translation=\"\" data-trp-gettext=\"\" data-no-translation-aria-label=\"\" data-no-translation-data-select_options_text=\"\">L\u1ef1a ch\u1ecdn t\u00f9y ch\u1ecdn<\/a>\t<span id=\"woocommerce_loop_add_to_cart_link_describedby_7167\" class=\"screen-reader-text\">\n\t\tS\u1ea3n ph\u1ea9m n\u00e0y c\u00f3 nhi\u1ec1u bi\u1ebfn th\u1ec3. C\u00e1c t\u00f9y ch\u1ecdn c\u00f3 th\u1ec3 \u0111\u01b0\u1ee3c ch\u1ecdn tr\u00ean trang s\u1ea3n ph\u1ea9m\t<\/span>\n<\/li>\n<li class=\"product type-product post-7163 status-publish instock product_cat-chateau-de-lune product_cat-dress has-post-thumbnail shipping-taxable purchasable product-type-variable\">\n\t<a href=\"https:\/\/caleelilou.com\/vi\/san-pham\/nacrine-dress\/\" class=\"woocommerce-LoopProduct-link woocommerce-loop-product__link\"><img decoding=\"async\" width=\"1600\" height=\"2000\" src=\"https:\/\/caleelilou.com\/wp-content\/uploads\/2025\/09\/Nacrine-Dress-1240k2.jpg\" class=\"attachment-woocommerce_thumbnail size-woocommerce_thumbnail\" alt=\"Nacrine Dress\" srcset=\"https:\/\/caleelilou.com\/wp-content\/uploads\/2025\/09\/Nacrine-Dress-1240k2.jpg 1600w, https:\/\/caleelilou.com\/wp-content\/uploads\/2025\/09\/Nacrine-Dress-1240k2-240x300.jpg 240w, https:\/\/caleelilou.com\/wp-content\/uploads\/2025\/09\/Nacrine-Dress-1240k2-819x1024.jpg 819w, https:\/\/caleelilou.com\/wp-content\/uploads\/2025\/09\/Nacrine-Dress-1240k2-768x960.jpg 768w, https:\/\/caleelilou.com\/wp-content\/uploads\/2025\/09\/Nacrine-Dress-1240k2-1229x1536.jpg 1229w, https:\/\/caleelilou.com\/wp-content\/uploads\/2025\/09\/Nacrine-Dress-1240k2-10x12.jpg 10w, https:\/\/caleelilou.com\/wp-content\/uploads\/2025\/09\/Nacrine-Dress-1240k2-1200x1500.jpg 1200w, https:\/\/caleelilou.com\/wp-content\/uploads\/2025\/09\/Nacrine-Dress-1240k2-64x80.jpg 64w\" sizes=\"(max-width: 1600px) 100vw, 1600px\" \/><h2 class=\"woocommerce-loop-product__title\">Nacrine Dress<\/h2>\n\t<span class=\"price\"><span class=\"wcpbc-price wcpbc-price-7163\" data-product-id=\"7163\"><span class=\"woocommerce-Price-amount amount\"><bdi>1.240.000&nbsp;<span class=\"woocommerce-Price-currencySymbol\">&#8363;<\/span><\/bdi><\/span><\/span><\/span>\n<\/a><a href=\"https:\/\/caleelilou.com\/vi\/san-pham\/nacrine-dress\/\" aria-describedby=\"woocommerce_loop_add_to_cart_link_describedby_7163\" data-quantity=\"1\" class=\"button product_type_variable add_to_cart_button cfvsw_ajax_add_to_cart\" data-product_id=\"7163\" data-product_sku=\"\" aria-label=\"L\u1ef1a ch\u1ecdn cho \u201cNacrine Dress\u201d\" rel=\"nofollow\" data-add_to_cart_text=\"Add to Cart\" data-select_options_text=\"L\u1ef1a ch\u1ecdn t\u00f9y ch\u1ecdn\" data-no-translation=\"\" data-trp-gettext=\"\" data-no-translation-aria-label=\"\" data-no-translation-data-select_options_text=\"\">L\u1ef1a ch\u1ecdn t\u00f9y ch\u1ecdn<\/a>\t<span id=\"woocommerce_loop_add_to_cart_link_describedby_7163\" class=\"screen-reader-text\">\n\t\tS\u1ea3n ph\u1ea9m n\u00e0y c\u00f3 nhi\u1ec1u bi\u1ebfn th\u1ec3. C\u00e1c t\u00f9y ch\u1ecdn c\u00f3 th\u1ec3 \u0111\u01b0\u1ee3c ch\u1ecdn tr\u00ean trang s\u1ea3n ph\u1ea9m\t<\/span>\n<\/li>\n<li class=\"product type-product post-7159 status-publish instock product_cat-chateau-de-lune product_cat-sale product_cat-set has-post-thumbnail shipping-taxable purchasable product-type-variable\">\n\t<a href=\"https:\/\/caleelilou.com\/vi\/san-pham\/marelia-set\/\" class=\"woocommerce-LoopProduct-link woocommerce-loop-product__link\"><img decoding=\"async\" width=\"1600\" height=\"2000\" src=\"https:\/\/caleelilou.com\/wp-content\/uploads\/2025\/09\/Marelia-Set-2490k9.jpg\" class=\"attachment-woocommerce_thumbnail size-woocommerce_thumbnail\" alt=\"Marelia Set\" srcset=\"https:\/\/caleelilou.com\/wp-content\/uploads\/2025\/09\/Marelia-Set-2490k9.jpg 1600w, https:\/\/caleelilou.com\/wp-content\/uploads\/2025\/09\/Marelia-Set-2490k9-240x300.jpg 240w, https:\/\/caleelilou.com\/wp-content\/uploads\/2025\/09\/Marelia-Set-2490k9-819x1024.jpg 819w, https:\/\/caleelilou.com\/wp-content\/uploads\/2025\/09\/Marelia-Set-2490k9-768x960.jpg 768w, https:\/\/caleelilou.com\/wp-content\/uploads\/2025\/09\/Marelia-Set-2490k9-1229x1536.jpg 1229w, https:\/\/caleelilou.com\/wp-content\/uploads\/2025\/09\/Marelia-Set-2490k9-10x12.jpg 10w, https:\/\/caleelilou.com\/wp-content\/uploads\/2025\/09\/Marelia-Set-2490k9-1200x1500.jpg 1200w, https:\/\/caleelilou.com\/wp-content\/uploads\/2025\/09\/Marelia-Set-2490k9-64x80.jpg 64w\" sizes=\"(max-width: 1600px) 100vw, 1600px\" \/><h2 class=\"woocommerce-loop-product__title\">Marelia Set<\/h2>\n\t<span class=\"price\"><span class=\"wcpbc-price wcpbc-price-7159\" data-product-id=\"7159\"><span class=\"woocommerce-Price-amount amount\"><bdi>2.490.000&nbsp;<span class=\"woocommerce-Price-currencySymbol\">&#8363;<\/span><\/bdi><\/span><\/span><\/span>\n<\/a><a href=\"https:\/\/caleelilou.com\/vi\/san-pham\/marelia-set\/\" aria-describedby=\"woocommerce_loop_add_to_cart_link_describedby_7159\" data-quantity=\"1\" class=\"button product_type_variable add_to_cart_button cfvsw_ajax_add_to_cart\" data-product_id=\"7159\" data-product_sku=\"\" aria-label=\"L\u1ef1a ch\u1ecdn cho \u201cMarelia Set\u201d\" rel=\"nofollow\" data-add_to_cart_text=\"Add to Cart\" data-select_options_text=\"L\u1ef1a ch\u1ecdn t\u00f9y ch\u1ecdn\" data-no-translation=\"\" data-trp-gettext=\"\" data-no-translation-aria-label=\"\" data-no-translation-data-select_options_text=\"\">L\u1ef1a ch\u1ecdn t\u00f9y ch\u1ecdn<\/a>\t<span id=\"woocommerce_loop_add_to_cart_link_describedby_7159\" class=\"screen-reader-text\">\n\t\tS\u1ea3n ph\u1ea9m n\u00e0y c\u00f3 nhi\u1ec1u bi\u1ebfn th\u1ec3. C\u00e1c t\u00f9y ch\u1ecdn c\u00f3 th\u1ec3 \u0111\u01b0\u1ee3c ch\u1ecdn tr\u00ean trang s\u1ea3n ph\u1ea9m\t<\/span>\n<\/li>\n<li class=\"product type-product post-7155 status-publish last outofstock product_cat-chateau-de-lune product_cat-set has-post-thumbnail shipping-taxable purchasable product-type-variable\">\n\t<a href=\"https:\/\/caleelilou.com\/vi\/san-pham\/aureline-set\/\" class=\"woocommerce-LoopProduct-link woocommerce-loop-product__link\"><img loading=\"lazy\" decoding=\"async\" width=\"1600\" height=\"2000\" src=\"https:\/\/caleelilou.com\/wp-content\/uploads\/2025\/09\/Aureline-Set-1590k.jpg\" class=\"attachment-woocommerce_thumbnail size-woocommerce_thumbnail\" alt=\"Aureline Set\" srcset=\"https:\/\/caleelilou.com\/wp-content\/uploads\/2025\/09\/Aureline-Set-1590k.jpg 1600w, https:\/\/caleelilou.com\/wp-content\/uploads\/2025\/09\/Aureline-Set-1590k-240x300.jpg 240w, https:\/\/caleelilou.com\/wp-content\/uploads\/2025\/09\/Aureline-Set-1590k-819x1024.jpg 819w, https:\/\/caleelilou.com\/wp-content\/uploads\/2025\/09\/Aureline-Set-1590k-768x960.jpg 768w, https:\/\/caleelilou.com\/wp-content\/uploads\/2025\/09\/Aureline-Set-1590k-1229x1536.jpg 1229w, https:\/\/caleelilou.com\/wp-content\/uploads\/2025\/09\/Aureline-Set-1590k-10x12.jpg 10w, https:\/\/caleelilou.com\/wp-content\/uploads\/2025\/09\/Aureline-Set-1590k-1200x1500.jpg 1200w, https:\/\/caleelilou.com\/wp-content\/uploads\/2025\/09\/Aureline-Set-1590k-64x80.jpg 64w\" sizes=\"(max-width: 1600px) 100vw, 1600px\" \/><h2 class=\"woocommerce-loop-product__title\">Aureline Set<\/h2>\n\t<span class=\"price\"><span class=\"wcpbc-price wcpbc-price-7155\" data-product-id=\"7155\"><span class=\"woocommerce-Price-amount amount\"><bdi>1.590.000&nbsp;<span class=\"woocommerce-Price-currencySymbol\">&#8363;<\/span><\/bdi><\/span><\/span><\/span>\n<\/a><a href=\"https:\/\/caleelilou.com\/vi\/san-pham\/aureline-set\/\" aria-describedby=\"woocommerce_loop_add_to_cart_link_describedby_7155\" data-quantity=\"1\" class=\"button product_type_variable cfvsw_ajax_add_to_cart\" data-product_id=\"7155\" data-product_sku=\"\" aria-label=\"L\u1ef1a ch\u1ecdn cho \u201cAureline Set\u201d\" rel=\"nofollow\" data-add_to_cart_text=\"Add to Cart\" data-select_options_text=\"L\u1ef1a ch\u1ecdn t\u00f9y ch\u1ecdn\" data-no-translation=\"\" data-trp-gettext=\"\" data-no-translation-aria-label=\"\" data-no-translation-data-select_options_text=\"\">L\u1ef1a ch\u1ecdn t\u00f9y ch\u1ecdn<\/a>\t<span id=\"woocommerce_loop_add_to_cart_link_describedby_7155\" class=\"screen-reader-text\">\n\t\tS\u1ea3n ph\u1ea9m n\u00e0y c\u00f3 nhi\u1ec1u bi\u1ebfn th\u1ec3. C\u00e1c t\u00f9y ch\u1ecdn c\u00f3 th\u1ec3 \u0111\u01b0\u1ee3c ch\u1ecdn tr\u00ean trang s\u1ea3n ph\u1ea9m\t<\/span>\n<\/li>\n<\/ul>\n<\/div><\/div>\n\t\t\t\t\t\t<\/div>\n\t\t\t\t<\/div>\n\t\t\t\t<\/div>\n\t\t\t\t<\/div>\n\t\t\t\t<\/div>","protected":false},"excerpt":{"rendered":"<p>Ch\u00e2teau de Lune &#8211; \ud835\udc64\u210e\ud835\udc52\ud835\udc5f\ud835\udc52 \ud835\udc52\ud835\udc59\ud835\udc52\ud835\udc54\ud835\udc4e\ud835\udc5b\ud835\udc50\ud835\udc52 \ud835\udc60\ud835\udc59\ud835\udc52\ud835\udc52\ud835\udc5d\ud835\udc60 \ud835\udc56\ud835\udc5b \ud835\udc60\ud835\udc56\ud835\udc59\ud835\udc63\ud835\udc52\ud835\udc5f \ud835\udc59\ud835\udc56\ud835\udc54\u210e\ud835\udc61 This mini collection draws inspiration from the image of Greek princesses &#8211; proud yet gentle, timeless in their elegance under the shimmering glow of moonlight. Each design is a modern reinterpretation of classical silhouettes, echoing a mythical spirit while embracing contemporary femininity. From sheer gowns adorned with sequins that glisten like moonlight over the sea, to flowing wine-red silk skirts that move with grace, every piece is crafted from premium materials and refined in finish. A delicately embroidered corset paired with a soft flared skirt channels quiet power, while the floral halter top and wrapped silk skirt offer a tender, modern charm, the perfect closing note to this poetic journey through fabric and time. With thoughtful draping, precise tailoring, and romantic sensibility, the collection captures a sense of refined softness and leaves a lasting impression of quiet sophistication.<\/p>","protected":false},"author":1,"featured_media":0,"parent":0,"menu_order":0,"comment_status":"closed","ping_status":"closed","template":"elementor_canvas","meta":{"footnotes":""},"class_list":["post-7171","page","type-page","status-publish","hentry"],"_links":{"self":[{"href":"https:\/\/caleelilou.com\/vi\/wp-json\/wp\/v2\/pages\/7171","targetHints":{"allow":["GET"]}}],"collection":[{"href":"https:\/\/caleelilou.com\/vi\/wp-json\/wp\/v2\/pages"}],"about":[{"href":"https:\/\/caleelilou.com\/vi\/wp-json\/wp\/v2\/types\/page"}],"author":[{"embeddable":true,"href":"https:\/\/caleelilou.com\/vi\/wp-json\/wp\/v2\/users\/1"}],"replies":[{"embeddable":true,"href":"https:\/\/caleelilou.com\/vi\/wp-json\/wp\/v2\/comments?post=7171"}],"version-history":[{"count":14,"href":"https:\/\/caleelilou.com\/vi\/wp-json\/wp\/v2\/pages\/7171\/revisions"}],"predecessor-version":[{"id":7398,"href":"https:\/\/caleelilou.com\/vi\/wp-json\/wp\/v2\/pages\/7171\/revisions\/7398"}],"wp:attachment":[{"href":"https:\/\/caleelilou.com\/vi\/wp-json\/wp\/v2\/media?parent=7171"}],"curies":[{"name":"wp","href":"https:\/\/api.w.org\/{rel}","templated":true}]}}