{"id":4245,"date":"2024-08-31T13:23:06","date_gmt":"2024-08-31T13:23:06","guid":{"rendered":"https:\/\/caleelilou.com\/?post_type=product&#038;p=4245"},"modified":"2026-01-11T09:26:55","modified_gmt":"2026-01-11T09:26:55","slug":"ao-dai-dan-dung","status":"publish","type":"product","link":"https:\/\/caleelilou.com\/vi\/san-pham\/ao-dai-dan-dung\/","title":{"rendered":"\u00c1o D\u00e0i \u0110an Dung"},"content":{"rendered":"","protected":false},"excerpt":{"rendered":"","protected":false},"featured_media":4058,"comment_status":"open","ping_status":"closed","template":"","meta":[],"product_brand":[],"product_cat":[69,71],"product_tag":[],"class_list":{"0":"post-4245","1":"product","2":"type-product","3":"status-publish","4":"has-post-thumbnail","6":"product_cat-ao-dai","7":"product_cat-y-yen","9":"first","10":"outofstock","11":"shipping-taxable","12":"purchasable","13":"product-type-variable"},"_links":{"self":[{"href":"https:\/\/caleelilou.com\/vi\/wp-json\/wp\/v2\/product\/4245","targetHints":{"allow":["GET"]}}],"collection":[{"href":"https:\/\/caleelilou.com\/vi\/wp-json\/wp\/v2\/product"}],"about":[{"href":"https:\/\/caleelilou.com\/vi\/wp-json\/wp\/v2\/types\/product"}],"replies":[{"embeddable":true,"href":"https:\/\/caleelilou.com\/vi\/wp-json\/wp\/v2\/comments?post=4245"}],"wp:featuredmedia":[{"embeddable":true,"href":"https:\/\/caleelilou.com\/vi\/wp-json\/wp\/v2\/media\/4058"}],"wp:attachment":[{"href":"https:\/\/caleelilou.com\/vi\/wp-json\/wp\/v2\/media?parent=4245"}],"wp:term":[{"taxonomy":"product_brand","embeddable":true,"href":"https:\/\/caleelilou.com\/vi\/wp-json\/wp\/v2\/product_brand?post=4245"},{"taxonomy":"product_cat","embeddable":true,"href":"https:\/\/caleelilou.com\/vi\/wp-json\/wp\/v2\/product_cat?post=4245"},{"taxonomy":"product_tag","embeddable":true,"href":"https:\/\/caleelilou.com\/vi\/wp-json\/wp\/v2\/product_tag?post=4245"}],"curies":[{"name":"wp","href":"https:\/\/api.w.org\/{rel}","templated":true}]}}