{"id":4927,"date":"2024-10-19T16:55:59","date_gmt":"2024-10-19T16:55:59","guid":{"rendered":"https:\/\/caleelilou.com\/?post_type=product&#038;p=4927"},"modified":"2026-04-24T11:40:59","modified_gmt":"2026-04-24T11:40:59","slug":"ao-dai-tu-cam","status":"publish","type":"product","link":"https:\/\/caleelilou.com\/vi\/san-pham\/ao-dai-tu-cam\/","title":{"rendered":"\u00c1o D\u00e0i T\u00fa C\u1ea9m"},"content":{"rendered":"","protected":false},"excerpt":{"rendered":"","protected":false},"featured_media":4871,"comment_status":"open","ping_status":"closed","template":"","meta":[],"product_brand":[],"product_cat":[69,82,85],"product_tag":[],"class_list":{"0":"post-4927","1":"product","2":"type-product","3":"status-publish","4":"has-post-thumbnail","6":"product_cat-ao-dai","7":"product_cat-chau-sa","8":"product_cat-sale","10":"first","11":"instock","12":"sale","13":"featured","14":"shipping-taxable","15":"purchasable","16":"product-type-variable"},"_links":{"self":[{"href":"https:\/\/caleelilou.com\/vi\/wp-json\/wp\/v2\/product\/4927","targetHints":{"allow":["GET"]}}],"collection":[{"href":"https:\/\/caleelilou.com\/vi\/wp-json\/wp\/v2\/product"}],"about":[{"href":"https:\/\/caleelilou.com\/vi\/wp-json\/wp\/v2\/types\/product"}],"replies":[{"embeddable":true,"href":"https:\/\/caleelilou.com\/vi\/wp-json\/wp\/v2\/comments?post=4927"}],"wp:featuredmedia":[{"embeddable":true,"href":"https:\/\/caleelilou.com\/vi\/wp-json\/wp\/v2\/media\/4871"}],"wp:attachment":[{"href":"https:\/\/caleelilou.com\/vi\/wp-json\/wp\/v2\/media?parent=4927"}],"wp:term":[{"taxonomy":"product_brand","embeddable":true,"href":"https:\/\/caleelilou.com\/vi\/wp-json\/wp\/v2\/product_brand?post=4927"},{"taxonomy":"product_cat","embeddable":true,"href":"https:\/\/caleelilou.com\/vi\/wp-json\/wp\/v2\/product_cat?post=4927"},{"taxonomy":"product_tag","embeddable":true,"href":"https:\/\/caleelilou.com\/vi\/wp-json\/wp\/v2\/product_tag?post=4927"}],"curies":[{"name":"wp","href":"https:\/\/api.w.org\/{rel}","templated":true}]}}