{"id":7578,"date":"2025-12-10T08:10:54","date_gmt":"2025-12-10T08:10:54","guid":{"rendered":"https:\/\/caleelilou.com\/product\/ao-dai-yen-mai\/"},"modified":"2026-05-10T07:50:21","modified_gmt":"2026-05-10T07:50:21","slug":"ao-dai-yen-mai","status":"publish","type":"product","link":"https:\/\/caleelilou.com\/vi\/san-pham\/ao-dai-yen-mai\/","title":{"rendered":"\u00c1o d\u00e0i Y\u00ean Mai"},"content":{"rendered":"","protected":false},"excerpt":{"rendered":"","protected":false},"featured_media":7510,"comment_status":"open","ping_status":"closed","template":"","meta":[],"product_brand":[],"product_cat":[69,139],"product_tag":[],"class_list":{"0":"post-7578","1":"product","2":"type-product","3":"status-publish","4":"has-post-thumbnail","6":"product_cat-ao-dai","7":"product_cat-van-khuc","9":"first","10":"instock","11":"shipping-taxable","12":"purchasable","13":"product-type-variable"},"_links":{"self":[{"href":"https:\/\/caleelilou.com\/vi\/wp-json\/wp\/v2\/product\/7578","targetHints":{"allow":["GET"]}}],"collection":[{"href":"https:\/\/caleelilou.com\/vi\/wp-json\/wp\/v2\/product"}],"about":[{"href":"https:\/\/caleelilou.com\/vi\/wp-json\/wp\/v2\/types\/product"}],"replies":[{"embeddable":true,"href":"https:\/\/caleelilou.com\/vi\/wp-json\/wp\/v2\/comments?post=7578"}],"wp:featuredmedia":[{"embeddable":true,"href":"https:\/\/caleelilou.com\/vi\/wp-json\/wp\/v2\/media\/7510"}],"wp:attachment":[{"href":"https:\/\/caleelilou.com\/vi\/wp-json\/wp\/v2\/media?parent=7578"}],"wp:term":[{"taxonomy":"product_brand","embeddable":true,"href":"https:\/\/caleelilou.com\/vi\/wp-json\/wp\/v2\/product_brand?post=7578"},{"taxonomy":"product_cat","embeddable":true,"href":"https:\/\/caleelilou.com\/vi\/wp-json\/wp\/v2\/product_cat?post=7578"},{"taxonomy":"product_tag","embeddable":true,"href":"https:\/\/caleelilou.com\/vi\/wp-json\/wp\/v2\/product_tag?post=7578"}],"curies":[{"name":"wp","href":"https:\/\/api.w.org\/{rel}","templated":true}]}}